{"id":9,"date":"2025-05-21T20:02:23","date_gmt":"2025-05-21T20:02:23","guid":{"rendered":"https:\/\/milanbabic.com\/?page_id=9"},"modified":"2026-02-17T11:20:23","modified_gmt":"2026-02-17T11:20:23","slug":"publications","status":"publish","type":"page","link":"https:\/\/milanbabic.com\/?page_id=9","title":{"rendered":"Publications"},"content":{"rendered":"\n<h4 class=\"wp-block-heading\">Books<\/h4>\n\n\n\n<p><\/p>\n\n\n\n<figure class=\"wp-block-image size-large is-resized\"><img loading=\"lazy\" decoding=\"async\" width=\"625\" height=\"1024\" src=\"https:\/\/milanbabic.com\/wp-content\/uploads\/2025\/05\/c52434c9cc7c4eb3bec017c2c453ece6-625x1024.jpg\" alt=\"\" class=\"wp-image-10\" style=\"width:201px;height:auto\" srcset=\"https:\/\/milanbabic.com\/wp-content\/uploads\/2025\/05\/c52434c9cc7c4eb3bec017c2c453ece6-625x1024.jpg 625w, https:\/\/milanbabic.com\/wp-content\/uploads\/2025\/05\/c52434c9cc7c4eb3bec017c2c453ece6-183x300.jpg 183w, https:\/\/milanbabic.com\/wp-content\/uploads\/2025\/05\/c52434c9cc7c4eb3bec017c2c453ece6-768x1259.jpg 768w, https:\/\/milanbabic.com\/wp-content\/uploads\/2025\/05\/c52434c9cc7c4eb3bec017c2c453ece6-937x1536.jpg 937w, https:\/\/milanbabic.com\/wp-content\/uploads\/2025\/05\/c52434c9cc7c4eb3bec017c2c453ece6-1249x2048.jpg 1249w, https:\/\/milanbabic.com\/wp-content\/uploads\/2025\/05\/c52434c9cc7c4eb3bec017c2c453ece6-scaled.jpg 1561w\" sizes=\"auto, (max-width: 625px) 100vw, 625px\" \/><\/figure>\n\n\n\n<p>Babi\u0107, M. (2025): <em>Geo\u00f6konomie. Anatomie der neuen Weltordnung<\/em>. Suhrkamp (edition suhrkamp). <a href=\"https:\/\/www.suhrkamp.de\/buch\/milan-babic-geooekonomie-t-9783518128336\" target=\"_blank\" rel=\"noreferrer noopener\"><strong>Link<\/strong><\/a> <strong>|<\/strong> <a href=\"https:\/\/www.suhrkamp.de\/rights\/book\/milan-babic-geoeconomics-fr-9783518128336\" target=\"_blank\" rel=\"noreferrer noopener\"><strong>Foreign Rights page<\/strong><\/a><\/p>\n\n\n\n<ul class=\"wp-block-list\">\n<li><a href=\"https:\/\/www.sueddeutsche.de\/kultur\/milan-babic-weltordnung-geooekonomie-usa-handel-li.3263148?reduced=true\" data-type=\"link\" data-id=\"https:\/\/www.sueddeutsche.de\/kultur\/milan-babic-weltordnung-geooekonomie-usa-handel-li.3263148?reduced=true\" target=\"_blank\" rel=\"noreferrer noopener\"><strong>Review in SZ<\/strong><\/a><\/li>\n<\/ul>\n\n\n\n<p><\/p>\n\n\n\n<p><\/p>\n\n\n\n<p><\/p>\n\n\n\n<p><\/p>\n\n\n\n<figure class=\"wp-block-image size-full is-resized\"><img loading=\"lazy\" decoding=\"async\" width=\"350\" height=\"548\" src=\"https:\/\/milanbabic.com\/wp-content\/uploads\/2025\/05\/state-capital.avif\" alt=\"\" class=\"wp-image-11\" style=\"width:202px;height:auto\" srcset=\"https:\/\/milanbabic.com\/wp-content\/uploads\/2025\/05\/state-capital.avif 350w, https:\/\/milanbabic.com\/wp-content\/uploads\/2025\/05\/state-capital-192x300.avif 192w\" sizes=\"auto, (max-width: 350px) 100vw, 350px\" \/><\/figure>\n\n\n\n<p>Babi\u0107, M. (2023): T<em>he Rise of State Capital. Transforming Markets and International Politics<\/em>. Agenda \/ Columbia University Press (Comparative Political Economy Series) <strong>[open access]<\/strong> <strong>|<\/strong> <a href=\"https:\/\/cup.columbia.edu\/book\/the-rise-of-state-capital\/9781788215725\/\" data-type=\"link\" data-id=\"https:\/\/cup.columbia.edu\/book\/the-rise-of-state-capital\/9781788215725\/\" target=\"_blank\" rel=\"noreferrer noopener\"><strong>Link (US)<\/strong><\/a> <strong>|<\/strong> <a href=\"https:\/\/www.agendapub.com\/page\/detail\/the-rise-of-state-capital\/?k=9781788215725\/\/&amp;loc=uk\" data-type=\"link\" data-id=\"https:\/\/www.agendapub.com\/page\/detail\/the-rise-of-state-capital\/?k=9781788215725\/\/&amp;loc=uk\" target=\"_blank\" rel=\"noreferrer noopener\"><strong>Link (UK\/Europe)<\/strong><\/a> <\/p>\n\n\n\n<ul class=\"wp-block-list\">\n<li><a href=\"https:\/\/brill.com\/view\/journals\/eris\/10\/2\/article-p205_005.xml?srsltid=AfmBOoqIC2BGBfQmDMscdjaxaTuU-SIPMiYUAMTWcInU2-6AB6jFtVVw\" data-type=\"link\" data-id=\"https:\/\/brill.com\/view\/journals\/eris\/10\/2\/article-p205_005.xml?srsltid=AfmBOoqIC2BGBfQmDMscdjaxaTuU-SIPMiYUAMTWcInU2-6AB6jFtVVw\" target=\"_blank\" rel=\"noreferrer noopener\"><strong>Review in ERIS<\/strong><\/a> <strong>|<\/strong> <a href=\"https:\/\/www.cambridge.org\/core\/journals\/slavic-review\/article\/abs\/milan-babic-the-rise-of-state-capital-transforming-markets-and-international-politics-comparative-political-economy-newcastle-upon-tyne-agenda-publishing-2023-v-173-pp-notes-bibliography-index-figures-tables-4000-paper\/950108247B0B58D255BE11FD846D0B2D\" data-type=\"link\" data-id=\"https:\/\/www.cambridge.org\/core\/journals\/slavic-review\/article\/abs\/milan-babic-the-rise-of-state-capital-transforming-markets-and-international-politics-comparative-political-economy-newcastle-upon-tyne-agenda-publishing-2023-v-173-pp-notes-bibliography-index-figures-tables-4000-paper\/950108247B0B58D255BE11FD846D0B2D\" target=\"_blank\" rel=\"noreferrer noopener\"><strong>Review in Slavic Review<\/strong><\/a><\/li>\n<\/ul>\n\n\n\n<p><\/p>\n\n\n\n<p><\/p>\n\n\n\n<p><\/p>\n\n\n\n<p><\/p>\n\n\n\n<h4 class=\"wp-block-heading\">Papers<\/h4>\n\n\n\n<h6 class=\"wp-block-heading\">2026<\/h6>\n\n\n\n<p>Abels, J., Babi\u0107, M. (2026): Cable Wars? Mapping the political economy of submarine cables in an era of geoeconomic competition. <em>Globalizations<\/em>, online first. <strong>[open access]<\/strong> <strong>|<\/strong> <a href=\"https:\/\/www.tandfonline.com\/doi\/full\/10.1080\/14747731.2025.2599691\" target=\"_blank\" rel=\"noreferrer noopener\"><strong>Link<\/strong><\/a> <strong>|<\/strong> <strong><a href=\"https:\/\/osf.io\/d6a4u\/overview\" data-type=\"link\" data-id=\"https:\/\/osf.io\/d6a4u\/overview\" target=\"_blank\" rel=\"noreferrer noopener\">Data<\/a><\/strong><\/p>\n\n\n\n<p><\/p>\n\n\n\n<p><\/p>\n\n\n\n<h6 class=\"wp-block-heading\">2025<\/h6>\n\n\n\n<p><\/p>\n\n\n\n<p>Babi\u0107, M., Ahler Christesen, C., Hasselbalch, J. (2025): What can the environmental state actually do? Three critiques and their limits. <em>Global Environmental Politics<\/em>, online first. <a href=\"https:\/\/direct.mit.edu\/glep\/article-abstract\/doi\/10.1162\/GLEP.a.18\/133724\/What-Can-the-Environmental-State-Actually-Do-Three?redirectedFrom=fulltext\" target=\"_blank\" rel=\"noreferrer noopener\"><strong>Link<\/strong><\/a> <strong>|<\/strong> <strong><a href=\"https:\/\/milanbabic.com\/wp-content\/uploads\/2025\/10\/GLEP.a.18-Babic_Proof1.pdf\" target=\"_blank\" rel=\"noreferrer noopener\">ungated version<\/a><\/strong><\/p>\n\n\n\n<p><\/p>\n\n\n\n<p>Sharma, E.S., Babi\u0107, M. (2025): Introduction: The international political economy of green finance. <em>Competition &amp; Change<\/em>, online first. <strong>[open access]<\/strong> <strong>|<\/strong> <strong><a href=\"https:\/\/journals.sagepub.com\/doi\/full\/10.1177\/10245294241310546\" data-type=\"link\" data-id=\"https:\/\/journals.sagepub.com\/doi\/full\/10.1177\/10245294241310546\" target=\"_blank\" rel=\"noreferrer noopener\">Link<\/a><\/strong><\/p>\n\n\n\n<p><\/p>\n\n\n\n<p>Babi\u0107, M., Linsi, L. (2025): Mapping corporate investments between China and Europe in an era of geoeconomic competition. <em>Journal of Common Market Studies <\/em>63 (3), 932-963. <strong>[open access] | <a href=\"https:\/\/onlinelibrary.wiley.com\/doi\/full\/10.1111\/jcms.13672\" data-type=\"link\" data-id=\"https:\/\/onlinelibrary.wiley.com\/doi\/full\/10.1111\/jcms.13672\" target=\"_blank\" rel=\"noreferrer noopener\">Link<\/a><\/strong> <strong>| <a href=\"https:\/\/dataverse.harvard.edu\/citation?persistentId=doi:10.7910\/DVN\/K5ULTB\" data-type=\"link\" data-id=\"https:\/\/dataverse.harvard.edu\/citation?persistentId=doi:10.7910\/DVN\/K5ULTB\" target=\"_blank\" rel=\"noreferrer noopener\">Data<\/a><\/strong><\/p>\n\n\n\n<p><\/p>\n\n\n\n<p>Babi\u0107, M., Mertens, D. (2025): Decarbonization under geoeconomic distress? Energy shocks, carbon lock\u2010ins, and Germany&#8217;s pathway toward net zero. <em>Regulation &amp; Governance <\/em>19 (2), 448-468. <strong>[open access] |<\/strong> <a href=\"https:\/\/onlinelibrary.wiley.com\/doi\/full\/10.1111\/rego.12634\" data-type=\"link\" data-id=\"https:\/\/onlinelibrary.wiley.com\/doi\/full\/10.1111\/rego.12634\" target=\"_blank\" rel=\"noreferrer noopener\"><strong>Link<\/strong><\/a><\/p>\n\n\n\n<p><\/p>\n\n\n\n<p><\/p>\n\n\n\n<h6 class=\"wp-block-heading\">2024<\/h6>\n\n\n\n<p><\/p>\n\n\n\n<p>Babi\u0107, M. (2024): Green finance in the global energy transition: Actors, instruments, and politics. <em>Energy Research &amp; Social Science<\/em> 111, 103482. <strong>[open access]<\/strong> <strong>|<\/strong> <strong><a href=\"https:\/\/www.sciencedirect.com\/science\/article\/pii\/S2214629624000732\" data-type=\"link\" data-id=\"https:\/\/www.sciencedirect.com\/science\/article\/pii\/S2214629624000732\" target=\"_blank\" rel=\"noreferrer noopener\">Link<\/a><\/strong><\/p>\n\n\n\n<p><\/p>\n\n\n\n<p>Babi\u0107, M., de Graaff, N., Linsi, L., &amp; Weinhardt, C. (2024): The geoeconomic turn in international trade, investment, and technology. <em>Politics and Governance<\/em> 12, 9031. <strong>[open access]<\/strong> <strong>|<\/strong> <a href=\"https:\/\/www.cogitatiopress.com\/politicsandgovernance\/article\/view\/9031\/3924\" data-type=\"link\" data-id=\"https:\/\/www.cogitatiopress.com\/politicsandgovernance\/article\/view\/9031\/3924\" target=\"_blank\" rel=\"noreferrer noopener\">Link<\/a><\/p>\n\n\n\n<p><\/p>\n\n\n\n<p>Yl\u00f6nen, M., Raudla, R., &amp; Babi\u0107, M. (2024): From tax havens to cryptocurrencies: secrecy-seeking capital in the global economy. <em>Review of International Political Economy<\/em> 31 (2), 563-588. <strong>[open access]<\/strong> <strong>|<\/strong> <strong><a href=\"https:\/\/scholar.google.com\/citations?view_op=view_citation&amp;hl=en&amp;user=dpzraGoAAAAJ&amp;sortby=pubdate&amp;citation_for_view=dpzraGoAAAAJ:mB3voiENLucC\" data-type=\"link\" data-id=\"https:\/\/scholar.google.com\/citations?view_op=view_citation&amp;hl=en&amp;user=dpzraGoAAAAJ&amp;sortby=pubdate&amp;citation_for_view=dpzraGoAAAAJ:mB3voiENLucC\" target=\"_blank\" rel=\"noreferrer noopener\">Link<\/a><\/strong><\/p>\n\n\n\n<p><\/p>\n\n\n\n<p><\/p>\n\n\n\n<h6 class=\"wp-block-heading\">2023<\/h6>\n\n\n\n<p><\/p>\n\n\n\n<p>Babi\u0107, M., Dixon, A.D. (2023): Decarbonising states as owners. <em>New Political Economy<\/em> 28 (4), 608-627. <strong>[open access]<\/strong> <strong>|<\/strong> <strong><a href=\"https:\/\/www.tandfonline.com\/doi\/full\/10.1080\/13563467.2022.2149722\" data-type=\"link\" data-id=\"https:\/\/www.tandfonline.com\/doi\/full\/10.1080\/13563467.2022.2149722\" target=\"_blank\" rel=\"noreferrer noopener\">Link<\/a><\/strong><\/p>\n\n\n\n<p><\/p>\n\n\n\n<p>Babi\u0107, M., Sharma, S.E. (2023): Mobilising critical international political economy for the age of climate breakdown. <em>New Political Economy<\/em> 28 (5), 758-779. <strong>[open access]<\/strong> <strong>|<\/strong> <strong><a href=\"https:\/\/www.tandfonline.com\/doi\/full\/10.1080\/13563467.2023.2184468\" data-type=\"link\" data-id=\"https:\/\/www.tandfonline.com\/doi\/full\/10.1080\/13563467.2022.2149722\" target=\"_blank\" rel=\"noreferrer noopener\">Link<\/a><\/strong><\/p>\n\n\n\n<p><\/p>\n\n\n\n<p>Babi\u0107, M. (2023): State capital in a geoeconomic world: Mapping state-led foreign investment in the global political economy. <em>Review of International Political Economy<\/em> 30 (1), 201-228. <strong>[open access]<\/strong> <strong>|<\/strong> <strong><a href=\"https:\/\/www.tandfonline.com\/doi\/full\/10.1080\/09692290.2021.1993301\" data-type=\"link\" data-id=\"https:\/\/www.tandfonline.com\/doi\/full\/10.1080\/13563467.2022.2149722\" target=\"_blank\" rel=\"noreferrer noopener\">Link<\/a><\/strong><\/p>\n\n\n\n<p><\/p>\n\n\n\n<p><\/p>\n\n\n\n<h6 class=\"wp-block-heading\">2022<\/h6>\n\n\n\n<p><\/p>\n\n\n\n<p>Babi\u0107, M., Dixon, A.D. (2022): Is the China Effect Real? Ideational Change and the Political Contestation of Chinese State-Led Investment in Europe. <em>Chinese Journal of International Politics <\/em>15 (2), 111-139. <strong>[open access]<\/strong> <strong>|<\/strong> <strong><a href=\"https:\/\/academic.oup.com\/cjip\/article\/15\/2\/111\/6574699\" target=\"_blank\" rel=\"noreferrer noopener\">Link<\/a><\/strong><\/p>\n\n\n\n<p><\/p>\n\n\n\n<p>Babi\u0107, M., Dixon, A.D., Fichtner, J. (2022): Varieties of state capital: What does foreign state-led investment do in a globalized world? <em>Competition &amp; Change<\/em> 27 (5), 663-684. <strong>[open access]<\/strong> <strong>|<\/strong> <strong><a href=\"https:\/\/journals.sagepub.com\/doi\/full\/10.1177\/10245294221139524\" data-type=\"link\" data-id=\"https:\/\/www.tandfonline.com\/doi\/full\/10.1080\/13563467.2022.2149722\" target=\"_blank\" rel=\"noreferrer noopener\">Link<\/a><\/strong><\/p>\n\n\n\n<p><\/p>\n\n\n\n<p>Alami, I., Babi\u0107, M., Dixon, A.D., Liu, I. (2022): Special issue introduction: what is the new state capitalism? <em>Contemporary Politics<\/em> 28 (3), 245-263. <strong>[open access]<\/strong> <strong>|<\/strong> <strong><a href=\"https:\/\/www.tandfonline.com\/doi\/full\/10.1080\/13569775.2021.2022336\" data-type=\"link\" data-id=\"https:\/\/www.tandfonline.com\/doi\/full\/10.1080\/13563467.2022.2149722\" target=\"_blank\" rel=\"noreferrer noopener\">Link<\/a><\/strong><\/p>\n\n\n\n<p><\/p>\n\n\n\n<p>Babi\u0107, M., Huijzer, J., Garcia-Bernardo, J., Valeeva, D. (2022): How does Business Power operate? A framework for its working mechanisms. <em>Business and Politics<\/em> 24 (2), 133-150. <strong>[open access]<\/strong> <strong>|<\/strong> <strong><a href=\"https:\/\/www.cambridge.org\/core\/journals\/business-and-politics\/article\/how-does-business-power-operate-a-framework-for-its-working-mechanisms\/6F918ABDEC85B651BBB41026D8E890C5\" target=\"_blank\" rel=\"noreferrer noopener\">Link<\/a><\/strong><\/p>\n\n\n\n<p><\/p>\n\n\n\n<p><\/p>\n\n\n\n<h6 class=\"wp-block-heading\">2021<\/h6>\n\n\n\n<p><\/p>\n\n\n\n<p>Babi\u0107, M. (2021): The COVID-19 Pandemic and the Crisis of the Liberal International Order: Geopolitical Fissures and Pathways to Change. <em>Global Perspectives<\/em> 2 (1), 24051. <strong><a href=\"https:\/\/online.ucpress.edu\/gp\/article-abstract\/2\/1\/24051\/117161\/The-COVID-19-Pandemic-and-the-Crisis-of-the\" target=\"_blank\" rel=\"noreferrer noopener\">Link<\/a><\/strong> <strong>| <a href=\"https:\/\/milanbabic.com\/wp-content\/uploads\/2025\/05\/Babic-2021_final.pdf\" data-type=\"link\" data-id=\"https:\/\/milanbabic.com\/wp-content\/uploads\/2025\/05\/Babic-2021_final.pdf\" target=\"_blank\" rel=\"noreferrer noopener\">ungated version<\/a><\/strong> <\/p>\n\n\n\n<p><\/p>\n\n\n\n<p>Alami, I., Dixon, A.D., Gonzalez-Vicente, R., Babi\u0107, M., Lee, S., Medby, I.A., De Graaff, N. (2021): Geopolitics and the &#8216;New&#8217; State Capitalism. <em>Geopolitics<\/em> 27 (3), 995-1023. <strong>[open access]<\/strong> <strong>|<\/strong> <strong><a href=\"https:\/\/www.tandfonline.com\/doi\/full\/10.1080\/14650045.2021.1924943\" target=\"_blank\" rel=\"noreferrer noopener\">Link<\/a><\/strong><\/p>\n\n\n\n<p><\/p>\n\n\n\n<p><\/p>\n\n\n\n<h6 class=\"wp-block-heading\">2020<\/h6>\n\n\n\n<p><\/p>\n\n\n\n<p>Babi\u0107, M., Garcia-Bernardo, J., Heemskerk, E.M. (2020): The rise of transnational state capital: State-led foreign investment in the 21st century. <em>Review of International Political Economy<\/em> 27 (3), 433-475. <strong>[open access]<\/strong> <strong>|<\/strong> <strong><a href=\"https:\/\/www.tandfonline.com\/doi\/full\/10.1080\/09692290.2019.1665084\" target=\"_blank\" rel=\"noreferrer noopener\">Link<\/a><\/strong><\/p>\n\n\n\n<p><\/p>\n\n\n\n<p>Babi\u0107, M. (2020): Let&#8217;s talk about the interregnum: Gramsci and the crisis of the liberal world order. <em>International Affairs<\/em> 96 (3), 767-786. <strong>[open access]<\/strong> <strong>|<\/strong> <strong><a href=\"https:\/\/academic.oup.com\/ia\/article\/96\/3\/767\/5712430\" target=\"_blank\" rel=\"noreferrer noopener\">Link<\/a><\/strong><\/p>\n\n\n\n<p><\/p>\n\n\n\n<p><\/p>\n\n\n\n<h6 class=\"wp-block-heading\">2017<\/h6>\n\n\n\n<p><\/p>\n\n\n\n<p>Babi\u0107, M., Fichtner, J., Heemskerk, E.M. (2017): States versus corporations: Rethinking the power of business in international politics. <em>The International Spectator<\/em> 52 (4), 20-43. <strong>[open access]<\/strong> <strong>|<\/strong> <strong><a href=\"https:\/\/www.tandfonline.com\/doi\/full\/10.1080\/03932729.2017.1389151\" target=\"_blank\" rel=\"noreferrer noopener\">Link<\/a><\/strong><\/p>\n\n\n\n<p><\/p>\n\n\n\n<p><\/p>\n\n\n\n<h4 class=\"wp-block-heading\">Book Chapters<\/h4>\n\n\n\n<p>Ahler Christesen, C., Babi\u0107, M., (2026): State-business relations in the green transition. In: Wilson, G. K. &amp; M. Maguire (eds.): <em>Elgar Encyclopedia of Business and Government.<\/em> Edward Elgar. <strong><a href=\"https:\/\/www.e-elgar.com\/shop\/gbp\/elgar-encyclopedia-of-business-and-government-9781035307777.html?srsltid=AfmBOoqj1oXt0NyhtbrrZ1wLNAUGKqglxthQxXVTdezSVwqbVKY0MS8t\" target=\"_blank\" rel=\"noreferrer noopener\">Link<\/a><\/strong> <strong>|<\/strong> <strong><a href=\"https:\/\/milanbabic.com\/wp-content\/uploads\/2026\/02\/Christesen-Babic-2026.pdf\" target=\"_blank\" rel=\"noreferrer noopener\">Preprint<\/a><\/strong><\/p>\n\n\n\n<p><\/p>\n\n\n\n<p>Babi\u0107, M. (forthcoming): Geoeconomics. In: van Apeldoorn, B., de Graaff, N. (eds.): <em>Encyclopedia of International Political Economy<\/em>. Edward Elgar.<\/p>\n\n\n\n<p><\/p>\n\n\n\n<p>Babi\u0107, M., Fichtner, J., Heemskerk, E.M. (2025): Corporate Networks. In: Pevehouse, J.C.W., Seabrooke, L. (eds.): <em>The Oxford Handbook of International Political Economy.<\/em> Oxford University Press. <strong><a href=\"https:\/\/academic.oup.com\/edited-volume\/35412\/chapter-abstract\/362515416?redirectedFrom=fulltext&amp;login=false\" target=\"_blank\" rel=\"noreferrer noopener\">Link<\/a><\/strong><\/p>\n\n\n\n<p><\/p>\n\n\n\n<p>Babi\u0107, M., Dixon A.D., Liu, I. (2022): Geoeconomics in a changing global order. In: Babi\u0107, M., Dixon A.D., Liu, I. (eds.): <em>The political economy of geoeconomics: Europe in a changing world<\/em>. Palgrave Macmillan (International Political Economy Series). <strong>[open access]<\/strong> <strong>|<\/strong> <strong><a href=\"https:\/\/link.springer.com\/chapter\/10.1007\/978-3-031-01968-5_1\" target=\"_blank\" rel=\"noreferrer noopener\">Link<\/a><\/strong><\/p>\n\n\n\n<p><\/p>\n\n\n\n<p>Babi\u0107, M., Dixon A.D., Liu, I. (2022): Moving forward: Understanding the geoeconomic decade of the 2020s. In: Babi\u0107, M., Dixon A.D., Liu, I. (eds.): <em>The political economy of geoeconomics: Europe in a changing world<\/em>. Palgrave Macmillan (International Political Economy Series). <strong><a href=\"https:\/\/link.springer.com\/chapter\/10.1007\/978-3-031-01968-5_8\" target=\"_blank\" rel=\"noreferrer noopener\">Link<\/a><\/strong><\/p>\n\n\n\n<p><\/p>\n\n\n\n<p>Babi\u0107, M. (2019): Stabilisierung, Vertiefung und Konsolidierung der Economic Governance: Elitenstrategien in der europ\u00e4ischen Krise. In: Bieling, H.-J.; Guntrum, S. (eds.): <em>Neue Segel, alter Kurs? Die Eurokrise und ihre Folgen f\u00fcr das europ\u00e4ische Wirtschaftsregieren<\/em>. Springer VS. <a href=\"https:\/\/link.springer.com\/chapter\/10.1007\/978-3-658-25037-9_5\" data-type=\"link\" data-id=\"https:\/\/link.springer.com\/chapter\/10.1007\/978-3-658-25037-9_5\" target=\"_blank\" rel=\"noreferrer noopener\"><strong>Link<\/strong><\/a><\/p>\n\n\n\n<p><\/p>\n\n\n\n<p>Babi\u0107, M. (2015): Italien: Ohnm\u00e4chtig in die permanente Krise?. In: Bieling, H.-J.; Buhr, D. (eds.): <em>Europ\u00e4ische Welten in der Krise. Arbeitsbeziehungen und Wohlfahrtsstaaten im Vergleich<\/em>. Campus. <a href=\"https:\/\/www.campus.de\/buecher-campus-verlag\/wissenschaft\/soziologie\/europaeische_welten_in_der_krise-9683.html?srsltid=AfmBOor5467kIfXAMah7tXYs35ShT43VjBK1OnmtZzW548xfhX3UmgJk\" data-type=\"link\" data-id=\"https:\/\/link.springer.com\/chapter\/10.1007\/978-3-658-25037-9_5\" target=\"_blank\" rel=\"noreferrer noopener\"><strong>Link<\/strong><\/a> <strong>|<\/strong> <a href=\"https:\/\/milanbabic.com\/wp-content\/uploads\/2025\/05\/Babic2015-Italien.pdf\" data-type=\"link\" data-id=\"https:\/\/milanbabic.com\/wp-content\/uploads\/2025\/05\/Babic2015-Italien.pdf\" target=\"_blank\" rel=\"noreferrer noopener\"><strong>ungated Version<\/strong><\/a><\/p>\n\n\n\n<p><\/p>\n\n\n\n<p><\/p>\n\n\n\n<h4 class=\"wp-block-heading\">Short pieces<\/h4>\n\n\n\n<p>Babi\u0107, M., D. Mertens (2026): Die Geo\u00f6konomie der Dekarbonisierung im deutschen Exportmodell. <em>Makronom<\/em>. <strong><a href=\"https:\/\/makronom.de\/die-geooekonomie-der-dekarbonisierung-im-deutschen-exportmodell-50752\" target=\"_blank\" rel=\"noreferrer noopener\">Link<\/a><\/strong><\/p>\n\n\n\n<p><\/p>\n\n\n\n<p>Babi\u0107, M. (2026): Cutting through the noise. <em>ISRF Bulletin<\/em> 33. <a href=\"https:\/\/isrf.org\/blog\/cutting-through-the-noise\" data-type=\"link\" data-id=\"https:\/\/isrf.org\/blog\/cutting-through-the-noise\" target=\"_blank\" rel=\"noreferrer noopener\"><strong>Link<\/strong><\/a>.<\/p>\n\n\n\n<p><\/p>\n\n\n\n<p>Babi\u0107, M. (2025): Die Geo\u00f6konomisierung der Weltwirtschaft. <em>Bundeszentrale f\u00fcr politische Bildung (BpB)<\/em>. <strong><a href=\"https:\/\/www.bpb.de\/themen\/wirtschaft\/freihandel\/geooekonomie\/571100\/die-geooekonomisierung-der-weltwirtschaft\/\" target=\"_blank\" rel=\"noreferrer noopener\">Link<\/a><\/strong><\/p>\n\n\n\n<p><\/p>\n\n\n\n<p>Babi\u0107, M. (2025): Die Welt ist nicht mehr flach. <em>Wirtschaftswoche<\/em> (29\/2025). <strong><a href=\"https:\/\/www.wiwo.de\/politik\/europa\/zoelle-subventionen-sanktionen-wie-sich-die-weltwirtschaft-neu-sortiert\/100143929.html\" target=\"_blank\" rel=\"noreferrer noopener\">Link<\/a><\/strong><\/p>\n\n\n\n<p><\/p>\n\n\n\n<p>Babi\u0107, M., J. Germann, K. Koddenbrock, D. Mertens (2023): Unternehmensmacht<br>und Geo\u00f6konomie: Die drei Arenen strategischer Koordination. <em>Makronom<\/em>. <a href=\"https:\/\/makronom.de\/unternehmensmacht-und-geooekonomie-die-drei-arenen-strategischer-koordination-43906\" target=\"_blank\" rel=\"noreferrer noopener\"><strong>Link<\/strong><\/a><\/p>\n\n\n\n<p><\/p>\n\n\n\n<p>Babi\u0107, M. (2023): Der Staat ist mehr als nur Ordnungsmacht. <em>transforming<br>economies<\/em>. <strong><a href=\"https:\/\/transforming-economies.de\/der-staat-ist-mehr-als-nur-ordnungsmacht\/\" target=\"_blank\" rel=\"noreferrer noopener\">Link<\/a><\/strong><br><\/p>\n\n\n\n<p><\/p>\n\n\n\n<p>Babi\u0107, M., A.D. Dixon (2023): What the Cosco affair told us about Germany\u2019s<br>relations with China. <em>EUROPP \u2013 European Politics and Policy<\/em>. <strong><a href=\"https:\/\/blogs.lse.ac.uk\/europpblog\/2023\/01\/16\/what-the-cosco-affair-told-us-about-germanys-relations-with-china\/\" target=\"_blank\" rel=\"noreferrer noopener\">Link<\/a><\/strong><br><\/p>\n\n\n\n<p><\/p>\n\n\n\n<p>Babi\u0107, M. (2022): State investment is playing an important role for the future of<br>international politics. <em>LSE Business Review<\/em>. <strong><a href=\"https:\/\/blogs.lse.ac.uk\/businessreview\/2022\/02\/22\/state-investment-is-playing-an-important-role-for-the-future-of-international-politics\/\" target=\"_blank\" rel=\"noreferrer noopener\">Link<\/a><\/strong><br><\/p>\n\n\n\n<p><\/p>\n\n\n\n<p>Babi\u0107, M. (2020): The liberal international order is in crisis. Here is how we can<br>analyse it. <em>Progress in Political Economy Sidney<\/em>. <a href=\"https:\/\/www.ppesydney.net\/\" target=\"_blank\" rel=\"noreferrer noopener\"><strong>Link<\/strong><\/a><br><\/p>\n\n\n\n<p><\/p>\n\n\n\n<p>Babi\u0107, M. (2020): Why state capitalism isn\u2019t primarily geopolitical. <em>International<br>Politics and Society<\/em>. <strong><a href=\"https:\/\/www.ips-journal.eu\/regions\/global\/why-state-capitalism-isnt-primarily-geopolitical-4022\/\" target=\"_blank\" rel=\"noreferrer noopener\">Link<\/a><\/strong><br><\/p>\n\n\n\n<p><\/p>\n\n\n\n<p>Babi\u0107, M. (2019): Why Globalization was Not the End of State Power. <em>Global<br>Policy Journal<\/em>. <a href=\"https:\/\/www.globalpolicyjournal.com\/blog\/11\/09\/2019\/why-globalization-was-not-end-state-power\" target=\"_blank\" rel=\"noreferrer noopener\"><strong>Link<\/strong><\/a><br><\/p>\n\n\n\n<p><\/p>\n\n\n\n<p>Babi\u0107, M. (2019): Reclaiming the commons through state ownership? Maybe not.<br><em>Open Democracy (Our Economy Series)<\/em>. <a href=\"https:\/\/www.opendemocracy.net\/en\/oureconomy\/reclaiming-commons-through-state-ownership-maybe-not\/\" target=\"_blank\" rel=\"noreferrer noopener\"><strong>Link<\/strong><\/a><\/p>\n\n\n\n<p><\/p>\n\n\n\n<p>Babi\u0107, M., J. Fichtner, E.M. Heemskerk (2018): Who is more powerful \u2013 States or<br>Corporations? <em>The Conversation UK<\/em>. <a href=\"https:\/\/theconversation.com\/who-is-more-powerful-states-or-corporations-99616\" target=\"_blank\" rel=\"noreferrer noopener\"><strong>Link<\/strong><\/a><\/p>\n\n\n\n<p><\/p>\n","protected":false},"excerpt":{"rendered":"<p>Books Babi\u0107, M. (2025): Geo\u00f6konomie. Anatomie der neuen Weltordnung. Suhrkamp (edition suhrkamp). Link | Foreign Rights page Babi\u0107, M. (2023): The Rise of State Capital. Transforming Markets and International Politics. Agenda \/ Columbia University Press (Comparative Political Economy Series) [open access] | Link (US) | Link (UK\/Europe) Papers 2026 Abels, J., Babi\u0107, M. (2026): Cable [&hellip;]<\/p>\n","protected":false},"author":1,"featured_media":0,"parent":0,"menu_order":0,"comment_status":"closed","ping_status":"closed","template":"","meta":{"_coblocks_attr":"","_coblocks_dimensions":"","_coblocks_responsive_height":"","_coblocks_accordion_ie_support":"","hide_page_title":"","footnotes":""},"class_list":["post-9","page","type-page","status-publish","hentry"],"_links":{"self":[{"href":"https:\/\/milanbabic.com\/index.php?rest_route=\/wp\/v2\/pages\/9","targetHints":{"allow":["GET"]}}],"collection":[{"href":"https:\/\/milanbabic.com\/index.php?rest_route=\/wp\/v2\/pages"}],"about":[{"href":"https:\/\/milanbabic.com\/index.php?rest_route=\/wp\/v2\/types\/page"}],"author":[{"embeddable":true,"href":"https:\/\/milanbabic.com\/index.php?rest_route=\/wp\/v2\/users\/1"}],"replies":[{"embeddable":true,"href":"https:\/\/milanbabic.com\/index.php?rest_route=%2Fwp%2Fv2%2Fcomments&post=9"}],"version-history":[{"count":5,"href":"https:\/\/milanbabic.com\/index.php?rest_route=\/wp\/v2\/pages\/9\/revisions"}],"predecessor-version":[{"id":145,"href":"https:\/\/milanbabic.com\/index.php?rest_route=\/wp\/v2\/pages\/9\/revisions\/145"}],"wp:attachment":[{"href":"https:\/\/milanbabic.com\/index.php?rest_route=%2Fwp%2Fv2%2Fmedia&parent=9"}],"curies":[{"name":"wp","href":"https:\/\/api.w.org\/{rel}","templated":true}]}}