{"id":89,"date":"2025-07-15T20:48:35","date_gmt":"2025-07-15T20:48:35","guid":{"rendered":"https:\/\/milanbabic.com\/?page_id=89"},"modified":"2026-02-13T12:32:45","modified_gmt":"2026-02-13T12:32:45","slug":"media-features","status":"publish","type":"page","link":"https:\/\/milanbabic.com\/?page_id=89","title":{"rendered":"Media Features"},"content":{"rendered":"\n<h5 class=\"wp-block-heading\">2026<\/h5>\n\n\n\n<p>Review of &#8216;Geo\u00f6konomie&#8217; in <em>FES Buchessenz<\/em>. <strong><a href=\"https:\/\/www.fes.de\/babic-geooekonomie-anatomie-der-neuen-weltordnung\" target=\"_blank\" rel=\"noreferrer noopener\">Link<\/a><\/strong>. <\/p>\n\n\n\n<p><\/p>\n\n\n\n<p>Interview with <em>Die Zeit <\/em>on the end of the liberal order. <strong><a href=\"https:\/\/www.zeit.de\/kultur\/2026-01\/multilateralismus-usa-europa-milan-babic-daniel-marwecki\" target=\"_blank\" rel=\"noreferrer noopener\">Link<\/a><\/strong>.<\/p>\n\n\n\n<p><\/p>\n\n\n\n<p>Interview with <em>taz<\/em> on EU energy dependence. <strong><a href=\"https:\/\/taz.de\/Energieversorgung-in-Europa\/!6146931\/\" target=\"_blank\" rel=\"noreferrer noopener\">Link<\/a><\/strong>.<\/p>\n\n\n\n<p><\/p>\n\n\n\n<p>Podcast with<em> NZZ Geopolitik<\/em> on &#8216;Grenzen dicht, Lieferketten umst\u00e4ndlich, Z\u00f6lle zur\u00fcck: Warum die neoliberale Globalisierung ihr Lebensende erreicht hat&#8217;. <strong><a href=\"https:\/\/www.nzz.ch\/podcast\/grenzen-dicht-lieferketten-umstaendlich-zoelle-zurueck-warum-die-neoliberale-globalisierung-ihr-lebensende-erreicht-hat-ld.1906530\" target=\"_blank\" rel=\"noreferrer noopener\">Link<\/a><\/strong><\/p>\n\n\n\n<p><\/p>\n\n\n\n<p>Review of &#8216;Geo\u00f6konomie&#8217; in <em>PW Portal<\/em>. <strong><a href=\"https:\/\/www.pw-portal.de\/aussen-und-sicherheitspolitik\/ueberblick\/milan-babic-geooekonomie-anatomie-der-neuen-weltordnung\" data-type=\"link\" data-id=\"https:\/\/www.pw-portal.de\/aussen-und-sicherheitspolitik\/ueberblick\/milan-babic-geooekonomie-anatomie-der-neuen-weltordnung\" target=\"_blank\" rel=\"noreferrer noopener\">Link<\/a><\/strong><\/p>\n\n\n\n<p><\/p>\n\n\n\n<h5 class=\"wp-block-heading\">2025<\/h5>\n\n\n\n<p>Podcast with <em>SWR Forum<\/em> on &#8216;Wirtschaft als Waffe \u2013 Die neue Welt der Geo\u00f6konomie.&#8217; <strong><a href=\"https:\/\/www.swr.de\/kultur\/gesellschaft\/wirtschaft-als-waffe-die-neue-welt-der-geooekonomie-forum-2025-11-13-100.html\" data-type=\"link\" data-id=\"https:\/\/www.swr.de\/kultur\/gesellschaft\/wirtschaft-als-waffe-die-neue-welt-der-geooekonomie-forum-2025-11-13-100.html\" target=\"_blank\" rel=\"noreferrer noopener\">Link<\/a><\/strong><\/p>\n\n\n\n<p><\/p>\n\n\n\n<p>Interview with <em>Frankfurter Allgemeine Sonntagszeitung<\/em> on the crisis of globalization. <a href=\"https:\/\/milanbabic.com\/wp-content\/uploads\/2025\/10\/FAS-Interview.pdf\" target=\"_blank\" rel=\"noreferrer noopener\"><strong>Link<\/strong><\/a><\/p>\n\n\n\n<p><\/p>\n\n\n\n<p>Review of &#8216;Geo\u00f6konomie&#8217; in <em>Sozialstrukturanalysen<\/em>. <strong><a href=\"https:\/\/sozialstrukturanalysen.de\/babic-2025-geooekonomie\/\" target=\"_blank\" rel=\"noreferrer noopener\">Link<\/a><\/strong><\/p>\n\n\n\n<p><\/p>\n\n\n\n<p>Interview with SRF4 on tariffs. <strong><a href=\"https:\/\/www.srf.ch\/audio\/4x4-podcast\/kodak-in-der-krise?id=AUDI20250813_NR_0033\" target=\"_blank\" rel=\"noreferrer noopener\">Link<\/a><\/strong><\/p>\n\n\n\n<p><\/p>\n\n\n\n<p>Podcast with <em>SWR1 Leute <\/em>on global trade. <strong><a href=\"https:\/\/www.ardmediathek.de\/video\/swr1-leute\/prof-milan-babic-oder-oekonom-oder-welthandel-und-freie-wirtschaft-so-sieht-die-zukunft-aus\/swr\/Y3JpZDovL3N3ci5kZS9hZXgvbzIyNTc4MjU\" target=\"_blank\" rel=\"noreferrer noopener\">Link<\/a><\/strong><\/p>\n\n\n\n<p><\/p>\n\n\n\n<p>Podcast with <em>Deutschlandfunk<\/em> on geoeconomics. <strong><a href=\"https:\/\/www.deutschlandfunkkultur.de\/geooekonomie-was-kommt-nach-dem-neoliberalismus-100.html\" target=\"_blank\" rel=\"noreferrer noopener\">Link<\/a><\/strong><\/p>\n\n\n\n<p><\/p>\n\n\n\n<p>Interview with <em>Le Monde <\/em>on geoeconomics. <strong><a href=\"https:\/\/www.lemonde.fr\/idees\/article\/2025\/07\/09\/la-geo-economie-ou-quand-les-methodes-du-commerce-supplantent-les-methodes-militaires_6620104_3232.html\" target=\"_blank\" rel=\"noreferrer noopener\">Link<\/a><\/strong><\/p>\n\n\n\n<p><\/p>\n\n\n\n<p>Interview with <em>Surplus<\/em> on the changing global order. <a href=\"https:\/\/www.surplusmagazin.de\/geookonomie-milanbabic-weltordnung-neoliberalismus-globalisierung\/\" target=\"_blank\" rel=\"noreferrer noopener\"><strong>Link<\/strong><\/a><\/p>\n\n\n\n<p><\/p>\n\n\n\n<p>Podcast with <em>Einmischen!<\/em> <a href=\"https:\/\/www.youtube.com\/watch?v=IQm4gseftq0\"><strong>Link<\/strong><\/a><\/p>\n\n\n\n<p><\/p>\n\n\n\n<p>Review of &#8216;Geo\u00f6konomie&#8217; in <em>Literaturtipp IGBCE<\/em>. <strong><a href=\"https:\/\/www.arbeit-umwelt.de\/literaturtipp\/geooekonomie-als-neue-weltordnung\/\" target=\"_blank\" rel=\"noreferrer noopener\">Link<\/a><\/strong><\/p>\n\n\n\n<p><\/p>\n\n\n\n<p>Review of &#8216;Geo\u00f6konomie&#8217; in <em>Politik &amp; \u00d6konomie<\/em>. <a href=\"https:\/\/politischeoekonomie.com\/ende-der-globalisierung\/\" target=\"_blank\" rel=\"noreferrer noopener\"><strong>Link<\/strong><\/a><\/p>\n\n\n\n<p><\/p>\n\n\n\n<p>Podcast Review of &#8216;Geo\u00f6konomie&#8217; in <em>Die Neuen Zwanziger &#8211; Salon<\/em>. <strong><a href=\"https:\/\/steady.page\/de\/neuezwanziger\/posts\/e23ee793-ef67-4fdb-a6db-33f43aaf6c46\" target=\"_blank\" rel=\"noreferrer noopener\">Link<\/a><\/strong><\/p>\n\n\n\n<p><\/p>\n\n\n\n<p>Review of &#8216;Geo\u00f6konomie&#8217; in <em>S\u00fcddeutsche Zeitung<\/em>. <a href=\"https:\/\/www.sueddeutsche.de\/kultur\/milan-babic-weltordnung-geooekonomie-usa-handel-li.3263148?reduced=true\" target=\"_blank\" rel=\"noreferrer noopener\"><strong>Link<\/strong><\/a><\/p>\n\n\n\n<p><\/p>\n\n\n\n<p>Interview with <em>Der Freitag <\/em>on the end of neoliberal globalization. <strong><a href=\"https:\/\/www.freitag.de\/autoren\/der-freitag\/milan-babic-der-neoliberalismus-wird-durch-etwas-neues-ersetzt-interview\" target=\"_blank\" rel=\"noreferrer noopener\">Link<\/a><\/strong><\/p>\n\n\n\n<p><\/p>\n\n\n\n<p><\/p>\n\n\n\n<h5 class=\"wp-block-heading\">2024<\/h5>\n\n\n\n<p>Participation in <em>SRF\/3Sat<\/em> documentary on &#8216;Wer regiert die Welt?&#8217;. <strong><a href=\"https:\/\/www.3sat.de\/gesellschaft\/politik-und-gesellschaft\/wer-regiert-die-welt-104.html\" target=\"_blank\" rel=\"noreferrer noopener\">Link<\/a><\/strong><\/p>\n\n\n\n<p><\/p>\n\n\n\n<p><\/p>\n\n\n\n<h5 class=\"wp-block-heading\">2023<\/h5>\n\n\n\n<p>Interview with <em>France24<\/em> on China\u2019s growth model. <strong><a href=\"https:\/\/www.france24.com\/fr\/%C3%A9co-tech\/20231003-comment-la-chine-risque-d-exporter-ses-d%C3%A9boires-%C3%A9conomiques\" target=\"_blank\" rel=\"noreferrer noopener\">Link<\/a><\/strong><br><\/p>\n\n\n\n<p><\/p>\n\n\n\n<p>Interview with <em>Frankfurter Rundschau<\/em> on state fossil firms. <strong><a href=\"https:\/\/www.fr.de\/politik\/fossile-energien-statt-erneuerbare-schmutzige-staatsfonds-92108397.html\" target=\"_blank\" rel=\"noreferrer noopener\">Link<\/a><\/strong><br><\/p>\n\n\n\n<h5 class=\"wp-block-heading\">2022<\/h5>\n\n\n\n<p>Interview with <em>Volkskrant<\/em> on sovereign investment. <strong><a href=\"https:\/\/www.volkskrant.nl\/economie\/in-het-mini-qatar-van-italie-spelen-nederlandse-brievenbusfirma-s-een-grote-rol~b765183e\/\" target=\"_blank\" rel=\"noreferrer noopener\">Link<\/a><\/strong><br><\/p>\n\n\n\n<h5 class=\"wp-block-heading\">2021<\/h5>\n\n\n\n<p>Interview and Podcast at <em>#ScholarSpotlight Global Policy Journal<\/em>. <strong><a href=\"https:\/\/www.globalpolicyjournal.com\/global-policy-next-generation\/scholarspotlight-milan-babic\" target=\"_blank\" rel=\"noreferrer noopener\">Link<\/a><\/strong><br><\/p>\n\n\n\n<h5 class=\"wp-block-heading\">2019<\/h5>\n\n\n\n<p>Featured in an interview by <em>Open Democracy<\/em> in Envisioning the Future of Political<br>Economy. Link<br><\/p>\n\n\n\n<h5 class=\"wp-block-heading\">2018<\/h5>\n\n\n\n<p>Radio Interview with Amanda Vanstone for <em>Counterpoint<\/em> at the Australian ABC<br>radio. <strong><a href=\"https:\/\/www.abc.net.au\/listen\/programs\/counterpoint\/states-v-corporations\/10066868\" target=\"_blank\" rel=\"noreferrer noopener\">Link<\/a><\/strong><\/p>\n\n\n\n<p><\/p>\n","protected":false},"excerpt":{"rendered":"<p>2026 Review of &#8216;Geo\u00f6konomie&#8217; in FES Buchessenz. Link. Interview with Die Zeit on the end of the liberal order. Link. Interview with taz on EU energy dependence. Link. Podcast with NZZ Geopolitik on &#8216;Grenzen dicht, Lieferketten umst\u00e4ndlich, Z\u00f6lle zur\u00fcck: Warum die neoliberale Globalisierung ihr Lebensende erreicht hat&#8217;. Link Review of &#8216;Geo\u00f6konomie&#8217; in PW Portal. Link [&hellip;]<\/p>\n","protected":false},"author":1,"featured_media":0,"parent":0,"menu_order":0,"comment_status":"closed","ping_status":"closed","template":"","meta":{"_coblocks_attr":"","_coblocks_dimensions":"","_coblocks_responsive_height":"","_coblocks_accordion_ie_support":"","hide_page_title":"","footnotes":""},"class_list":["post-89","page","type-page","status-publish","hentry"],"_links":{"self":[{"href":"https:\/\/milanbabic.com\/index.php?rest_route=\/wp\/v2\/pages\/89","targetHints":{"allow":["GET"]}}],"collection":[{"href":"https:\/\/milanbabic.com\/index.php?rest_route=\/wp\/v2\/pages"}],"about":[{"href":"https:\/\/milanbabic.com\/index.php?rest_route=\/wp\/v2\/types\/page"}],"author":[{"embeddable":true,"href":"https:\/\/milanbabic.com\/index.php?rest_route=\/wp\/v2\/users\/1"}],"replies":[{"embeddable":true,"href":"https:\/\/milanbabic.com\/index.php?rest_route=%2Fwp%2Fv2%2Fcomments&post=89"}],"version-history":[{"count":5,"href":"https:\/\/milanbabic.com\/index.php?rest_route=\/wp\/v2\/pages\/89\/revisions"}],"predecessor-version":[{"id":144,"href":"https:\/\/milanbabic.com\/index.php?rest_route=\/wp\/v2\/pages\/89\/revisions\/144"}],"wp:attachment":[{"href":"https:\/\/milanbabic.com\/index.php?rest_route=%2Fwp%2Fv2%2Fmedia&parent=89"}],"curies":[{"name":"wp","href":"https:\/\/api.w.org\/{rel}","templated":true}]}}